{"id":3219,"date":"2014-06-10T11:09:57","date_gmt":"2014-06-10T09:09:57","guid":{"rendered":"http:\/\/www.sirho.es\/?page_id=3219"},"modified":"2015-07-30T16:55:02","modified_gmt":"2015-07-30T14:55:02","slug":"contact","status":"publish","type":"page","link":"https:\/\/www.sirho.es\/en\/contact\/","title":{"rendered":"Contact"},"content":{"rendered":"<div class=\"row\">\n<div class=\"col-lg-12 col-md-12 col-sm-12 col-xs-12\">\n<p lang=\"es-ES\">Universidad de Alicante<\/p>\n<p lang=\"es-ES\">Departamento de Organizaci\u00f3n de Empresas<\/p>\n<p lang=\"es-ES\">Ctra. de San Vicente s\/n. Campus Universitario<\/p>\n<p>Ap C. 99. CP: 03060 Alicante<\/p>\n<p>Tel. 96.590.98.05 y 96.590.34.00 (Extensi\u00f3n 3160) m\u00f3vil 600.948.696<\/p>\n<p>E.mail: <span style=\"color: #0000ff;\"><span style=\"text-decoration: underline;\"><a href=\"mailto:mr.gonzalez@ua.es\">mr.gonzalez@ua.es<\/a><\/span><\/span><\/p>\n<p><a href=\"https:\/\/maps.google.com\/maps\/ms?msid=217909713576628500126.0004d7ced53a473ff2e8d&amp;msa=0&amp;ll=38.383296,-0.513783&amp;spn=0.002037,0.00284&amp;iwloc=0004d7ced8c6c2e36d495\" target=\"_blank\">Localizaci\u00f3n mapa<\/a><\/p>\n<\/div>\n<\/div>\n","protected":false},"excerpt":{"rendered":"<p>Universidad de Alicante Departamento de Organizaci\u00f3n de Empresas Ctra. de San Vicente s\/n. Campus Universitario Ap C. 99. CP: 03060 Alicante Tel. 96.590.98.05 y 96.590.34.00 (Extensi\u00f3n 3160) m\u00f3vil 600.948.696 E.mail: mr.gonzalez@ua.es Localizaci\u00f3n mapa<\/p>\n","protected":false},"author":6,"featured_media":0,"parent":0,"menu_order":7,"comment_status":"closed","ping_status":"closed","template":"contacto_page.php","meta":{"footnotes":""},"class_list":["post-3219","page","type-page","status-publish","hentry"],"yoast_head":"<!-- This site is optimized with the Yoast SEO plugin v27.2 - https:\/\/yoast.com\/product\/yoast-seo-wordpress\/ -->\n<title>Contact - Grupo de Investigaci\u00f3n Sistemas de Informaci\u00f3n y Recursos Humanos en las Organizaciones<\/title>\n<meta name=\"robots\" content=\"index, follow, max-snippet:-1, max-image-preview:large, max-video-preview:-1\" \/>\n<link rel=\"canonical\" href=\"https:\/\/www.sirho.es\/en\/contact\/\" \/>\n<meta property=\"og:locale\" content=\"en_US\" \/>\n<meta property=\"og:type\" content=\"article\" \/>\n<meta property=\"og:title\" content=\"Contact - Grupo de Investigaci\u00f3n Sistemas de Informaci\u00f3n y Recursos Humanos en las Organizaciones\" \/>\n<meta property=\"og:description\" content=\"Universidad de Alicante Departamento de Organizaci\u00f3n de Empresas Ctra. de San Vicente s\/n. Campus Universitario Ap C. 99. CP: 03060 Alicante Tel. 96.590.98.05 y 96.590.34.00 (Extensi\u00f3n 3160) m\u00f3vil 600.948.696 E.mail: mr.gonzalez@ua.es Localizaci\u00f3n mapa\" \/>\n<meta property=\"og:url\" content=\"https:\/\/www.sirho.es\/en\/contact\/\" \/>\n<meta property=\"og:site_name\" content=\"Grupo de Investigaci\u00f3n Sistemas de Informaci\u00f3n y Recursos Humanos en las Organizaciones\" \/>\n<meta property=\"article:modified_time\" content=\"2015-07-30T14:55:02+00:00\" \/>\n<script type=\"application\/ld+json\" class=\"yoast-schema-graph\">{\"@context\":\"https:\/\/schema.org\",\"@graph\":[{\"@type\":\"WebPage\",\"@id\":\"https:\/\/www.sirho.es\/en\/contact\/\",\"url\":\"https:\/\/www.sirho.es\/en\/contact\/\",\"name\":\"Contact - Grupo de Investigaci\u00f3n Sistemas de Informaci\u00f3n y Recursos Humanos en las Organizaciones\",\"isPartOf\":{\"@id\":\"https:\/\/www.sirho.es\/#website\"},\"datePublished\":\"2014-06-10T09:09:57+00:00\",\"dateModified\":\"2015-07-30T14:55:02+00:00\",\"breadcrumb\":{\"@id\":\"https:\/\/www.sirho.es\/en\/contact\/#breadcrumb\"},\"inLanguage\":\"en-US\",\"potentialAction\":[{\"@type\":\"ReadAction\",\"target\":[\"https:\/\/www.sirho.es\/en\/contact\/\"]}]},{\"@type\":\"BreadcrumbList\",\"@id\":\"https:\/\/www.sirho.es\/en\/contact\/#breadcrumb\",\"itemListElement\":[{\"@type\":\"ListItem\",\"position\":1,\"name\":\"Home\",\"item\":\"https:\/\/www.sirho.es\/en\/\"},{\"@type\":\"ListItem\",\"position\":2,\"name\":\"Contact\"}]},{\"@type\":\"WebSite\",\"@id\":\"https:\/\/www.sirho.es\/#website\",\"url\":\"https:\/\/www.sirho.es\/\",\"name\":\"Grupo de Investigaci\u00f3n Sistemas de Informaci\u00f3n y Recursos Humanos en las Organizaciones\",\"description\":\"\",\"potentialAction\":[{\"@type\":\"SearchAction\",\"target\":{\"@type\":\"EntryPoint\",\"urlTemplate\":\"https:\/\/www.sirho.es\/?s={search_term_string}\"},\"query-input\":{\"@type\":\"PropertyValueSpecification\",\"valueRequired\":true,\"valueName\":\"search_term_string\"}}],\"inLanguage\":\"en-US\"}]}<\/script>\n<!-- \/ Yoast SEO plugin. -->","yoast_head_json":{"title":"Contact - Grupo de Investigaci\u00f3n Sistemas de Informaci\u00f3n y Recursos Humanos en las Organizaciones","robots":{"index":"index","follow":"follow","max-snippet":"max-snippet:-1","max-image-preview":"max-image-preview:large","max-video-preview":"max-video-preview:-1"},"canonical":"https:\/\/www.sirho.es\/en\/contact\/","og_locale":"en_US","og_type":"article","og_title":"Contact - Grupo de Investigaci\u00f3n Sistemas de Informaci\u00f3n y Recursos Humanos en las Organizaciones","og_description":"Universidad de Alicante Departamento de Organizaci\u00f3n de Empresas Ctra. de San Vicente s\/n. Campus Universitario Ap C. 99. CP: 03060 Alicante Tel. 96.590.98.05 y 96.590.34.00 (Extensi\u00f3n 3160) m\u00f3vil 600.948.696 E.mail: mr.gonzalez@ua.es Localizaci\u00f3n mapa","og_url":"https:\/\/www.sirho.es\/en\/contact\/","og_site_name":"Grupo de Investigaci\u00f3n Sistemas de Informaci\u00f3n y Recursos Humanos en las Organizaciones","article_modified_time":"2015-07-30T14:55:02+00:00","schema":{"@context":"https:\/\/schema.org","@graph":[{"@type":"WebPage","@id":"https:\/\/www.sirho.es\/en\/contact\/","url":"https:\/\/www.sirho.es\/en\/contact\/","name":"Contact - Grupo de Investigaci\u00f3n Sistemas de Informaci\u00f3n y Recursos Humanos en las Organizaciones","isPartOf":{"@id":"https:\/\/www.sirho.es\/#website"},"datePublished":"2014-06-10T09:09:57+00:00","dateModified":"2015-07-30T14:55:02+00:00","breadcrumb":{"@id":"https:\/\/www.sirho.es\/en\/contact\/#breadcrumb"},"inLanguage":"en-US","potentialAction":[{"@type":"ReadAction","target":["https:\/\/www.sirho.es\/en\/contact\/"]}]},{"@type":"BreadcrumbList","@id":"https:\/\/www.sirho.es\/en\/contact\/#breadcrumb","itemListElement":[{"@type":"ListItem","position":1,"name":"Home","item":"https:\/\/www.sirho.es\/en\/"},{"@type":"ListItem","position":2,"name":"Contact"}]},{"@type":"WebSite","@id":"https:\/\/www.sirho.es\/#website","url":"https:\/\/www.sirho.es\/","name":"Grupo de Investigaci\u00f3n Sistemas de Informaci\u00f3n y Recursos Humanos en las Organizaciones","description":"","potentialAction":[{"@type":"SearchAction","target":{"@type":"EntryPoint","urlTemplate":"https:\/\/www.sirho.es\/?s={search_term_string}"},"query-input":{"@type":"PropertyValueSpecification","valueRequired":true,"valueName":"search_term_string"}}],"inLanguage":"en-US"}]}},"_links":{"self":[{"href":"https:\/\/www.sirho.es\/en\/wp-json\/wp\/v2\/pages\/3219","targetHints":{"allow":["GET"]}}],"collection":[{"href":"https:\/\/www.sirho.es\/en\/wp-json\/wp\/v2\/pages"}],"about":[{"href":"https:\/\/www.sirho.es\/en\/wp-json\/wp\/v2\/types\/page"}],"author":[{"embeddable":true,"href":"https:\/\/www.sirho.es\/en\/wp-json\/wp\/v2\/users\/6"}],"replies":[{"embeddable":true,"href":"https:\/\/www.sirho.es\/en\/wp-json\/wp\/v2\/comments?post=3219"}],"version-history":[{"count":5,"href":"https:\/\/www.sirho.es\/en\/wp-json\/wp\/v2\/pages\/3219\/revisions"}],"predecessor-version":[{"id":5041,"href":"https:\/\/www.sirho.es\/en\/wp-json\/wp\/v2\/pages\/3219\/revisions\/5041"}],"wp:attachment":[{"href":"https:\/\/www.sirho.es\/en\/wp-json\/wp\/v2\/media?parent=3219"}],"curies":[{"name":"wp","href":"https:\/\/api.w.org\/{rel}","templated":true}]}}