{"id":3150,"date":"2014-06-10T10:53:54","date_gmt":"2014-06-10T08:53:54","guid":{"rendered":"http:\/\/www.sirho.es\/?page_id=3150"},"modified":"2014-06-10T11:58:17","modified_gmt":"2014-06-10T09:58:17","slug":"competencies-for-enterprise-creation-2","status":"publish","type":"page","link":"https:\/\/www.sirho.es\/en\/competencies-for-enterprise-creation-2\/","title":{"rendered":"Competencies for Enterprise creation"},"content":{"rendered":"<p><!--:es--><\/p>\n<h3><a href=\"http:\/\/www.sirho.es\/seminarios\/competencias-para-la-creacion-de-empresas\/apertura\/\">Presentaci\u00f3n<\/a><\/h3>\n<h3><a href=\"http:\/\/www.sirho.es\/seminarios\/competencias-para-la-creacion-de-empresas\/clausura\/\">Clausura<\/a><\/h3>\n<p><!--:--><!--:en--><\/p>\n<h3><a href=\"http:\/\/www.sirho.es\/en\/seminarios\/competencias-para-la-creacion-de-empresas\/apertura\/\">Opening<\/a><\/h3>\n<h3><a href=\"http:\/\/www.sirho.es\/en\/seminarios\/competencias-para-la-creacion-de-empresas\/clausura\/\">Closing<\/a><\/h3>\n<p><!--:--><\/p>\n","protected":false},"excerpt":{"rendered":"<p>Presentaci\u00f3n Clausura Opening Closing<\/p>\n","protected":false},"author":6,"featured_media":0,"parent":0,"menu_order":4,"comment_status":"closed","ping_status":"closed","template":"competencias_page.php","meta":{"footnotes":""},"class_list":["post-3150","page","type-page","status-publish","hentry"],"yoast_head":"<!-- This site is optimized with the Yoast SEO plugin v27.2 - https:\/\/yoast.com\/product\/yoast-seo-wordpress\/ -->\n<title>Competencies for Enterprise creation - Grupo de Investigaci\u00f3n Sistemas de Informaci\u00f3n y Recursos Humanos en las Organizaciones<\/title>\n<meta name=\"robots\" content=\"index, follow, max-snippet:-1, max-image-preview:large, max-video-preview:-1\" \/>\n<link rel=\"canonical\" href=\"https:\/\/www.sirho.es\/en\/competencies-for-enterprise-creation-2\/\" \/>\n<meta property=\"og:locale\" content=\"en_US\" \/>\n<meta property=\"og:type\" content=\"article\" \/>\n<meta property=\"og:title\" content=\"Competencies for Enterprise creation - Grupo de Investigaci\u00f3n Sistemas de Informaci\u00f3n y Recursos Humanos en las Organizaciones\" \/>\n<meta property=\"og:description\" content=\"Presentaci\u00f3n Clausura Opening Closing\" \/>\n<meta property=\"og:url\" content=\"https:\/\/www.sirho.es\/en\/competencies-for-enterprise-creation-2\/\" \/>\n<meta property=\"og:site_name\" content=\"Grupo de Investigaci\u00f3n Sistemas de Informaci\u00f3n y Recursos Humanos en las Organizaciones\" \/>\n<meta property=\"article:modified_time\" content=\"2014-06-10T09:58:17+00:00\" \/>\n<script type=\"application\/ld+json\" class=\"yoast-schema-graph\">{\"@context\":\"https:\/\/schema.org\",\"@graph\":[{\"@type\":\"WebPage\",\"@id\":\"https:\/\/www.sirho.es\/en\/competencies-for-enterprise-creation-2\/\",\"url\":\"https:\/\/www.sirho.es\/en\/competencies-for-enterprise-creation-2\/\",\"name\":\"Competencies for Enterprise creation - Grupo de Investigaci\u00f3n Sistemas de Informaci\u00f3n y Recursos Humanos en las Organizaciones\",\"isPartOf\":{\"@id\":\"https:\/\/www.sirho.es\/#website\"},\"datePublished\":\"2014-06-10T08:53:54+00:00\",\"dateModified\":\"2014-06-10T09:58:17+00:00\",\"breadcrumb\":{\"@id\":\"https:\/\/www.sirho.es\/en\/competencies-for-enterprise-creation-2\/#breadcrumb\"},\"inLanguage\":\"en-US\",\"potentialAction\":[{\"@type\":\"ReadAction\",\"target\":[\"https:\/\/www.sirho.es\/en\/competencies-for-enterprise-creation-2\/\"]}]},{\"@type\":\"BreadcrumbList\",\"@id\":\"https:\/\/www.sirho.es\/en\/competencies-for-enterprise-creation-2\/#breadcrumb\",\"itemListElement\":[{\"@type\":\"ListItem\",\"position\":1,\"name\":\"Home\",\"item\":\"https:\/\/www.sirho.es\/en\/\"},{\"@type\":\"ListItem\",\"position\":2,\"name\":\"Competencies for Enterprise creation\"}]},{\"@type\":\"WebSite\",\"@id\":\"https:\/\/www.sirho.es\/#website\",\"url\":\"https:\/\/www.sirho.es\/\",\"name\":\"Grupo de Investigaci\u00f3n Sistemas de Informaci\u00f3n y Recursos Humanos en las Organizaciones\",\"description\":\"\",\"potentialAction\":[{\"@type\":\"SearchAction\",\"target\":{\"@type\":\"EntryPoint\",\"urlTemplate\":\"https:\/\/www.sirho.es\/?s={search_term_string}\"},\"query-input\":{\"@type\":\"PropertyValueSpecification\",\"valueRequired\":true,\"valueName\":\"search_term_string\"}}],\"inLanguage\":\"en-US\"}]}<\/script>\n<!-- \/ Yoast SEO plugin. -->","yoast_head_json":{"title":"Competencies for Enterprise creation - Grupo de Investigaci\u00f3n Sistemas de Informaci\u00f3n y Recursos Humanos en las Organizaciones","robots":{"index":"index","follow":"follow","max-snippet":"max-snippet:-1","max-image-preview":"max-image-preview:large","max-video-preview":"max-video-preview:-1"},"canonical":"https:\/\/www.sirho.es\/en\/competencies-for-enterprise-creation-2\/","og_locale":"en_US","og_type":"article","og_title":"Competencies for Enterprise creation - Grupo de Investigaci\u00f3n Sistemas de Informaci\u00f3n y Recursos Humanos en las Organizaciones","og_description":"Presentaci\u00f3n Clausura Opening Closing","og_url":"https:\/\/www.sirho.es\/en\/competencies-for-enterprise-creation-2\/","og_site_name":"Grupo de Investigaci\u00f3n Sistemas de Informaci\u00f3n y Recursos Humanos en las Organizaciones","article_modified_time":"2014-06-10T09:58:17+00:00","schema":{"@context":"https:\/\/schema.org","@graph":[{"@type":"WebPage","@id":"https:\/\/www.sirho.es\/en\/competencies-for-enterprise-creation-2\/","url":"https:\/\/www.sirho.es\/en\/competencies-for-enterprise-creation-2\/","name":"Competencies for Enterprise creation - Grupo de Investigaci\u00f3n Sistemas de Informaci\u00f3n y Recursos Humanos en las Organizaciones","isPartOf":{"@id":"https:\/\/www.sirho.es\/#website"},"datePublished":"2014-06-10T08:53:54+00:00","dateModified":"2014-06-10T09:58:17+00:00","breadcrumb":{"@id":"https:\/\/www.sirho.es\/en\/competencies-for-enterprise-creation-2\/#breadcrumb"},"inLanguage":"en-US","potentialAction":[{"@type":"ReadAction","target":["https:\/\/www.sirho.es\/en\/competencies-for-enterprise-creation-2\/"]}]},{"@type":"BreadcrumbList","@id":"https:\/\/www.sirho.es\/en\/competencies-for-enterprise-creation-2\/#breadcrumb","itemListElement":[{"@type":"ListItem","position":1,"name":"Home","item":"https:\/\/www.sirho.es\/en\/"},{"@type":"ListItem","position":2,"name":"Competencies for Enterprise creation"}]},{"@type":"WebSite","@id":"https:\/\/www.sirho.es\/#website","url":"https:\/\/www.sirho.es\/","name":"Grupo de Investigaci\u00f3n Sistemas de Informaci\u00f3n y Recursos Humanos en las Organizaciones","description":"","potentialAction":[{"@type":"SearchAction","target":{"@type":"EntryPoint","urlTemplate":"https:\/\/www.sirho.es\/?s={search_term_string}"},"query-input":{"@type":"PropertyValueSpecification","valueRequired":true,"valueName":"search_term_string"}}],"inLanguage":"en-US"}]}},"_links":{"self":[{"href":"https:\/\/www.sirho.es\/en\/wp-json\/wp\/v2\/pages\/3150","targetHints":{"allow":["GET"]}}],"collection":[{"href":"https:\/\/www.sirho.es\/en\/wp-json\/wp\/v2\/pages"}],"about":[{"href":"https:\/\/www.sirho.es\/en\/wp-json\/wp\/v2\/types\/page"}],"author":[{"embeddable":true,"href":"https:\/\/www.sirho.es\/en\/wp-json\/wp\/v2\/users\/6"}],"replies":[{"embeddable":true,"href":"https:\/\/www.sirho.es\/en\/wp-json\/wp\/v2\/comments?post=3150"}],"version-history":[{"count":1,"href":"https:\/\/www.sirho.es\/en\/wp-json\/wp\/v2\/pages\/3150\/revisions"}],"predecessor-version":[{"id":3151,"href":"https:\/\/www.sirho.es\/en\/wp-json\/wp\/v2\/pages\/3150\/revisions\/3151"}],"wp:attachment":[{"href":"https:\/\/www.sirho.es\/en\/wp-json\/wp\/v2\/media?parent=3150"}],"curies":[{"name":"wp","href":"https:\/\/api.w.org\/{rel}","templated":true}]}}