{"id":3075,"date":"2011-06-21T18:30:16","date_gmt":"2011-06-21T16:30:16","guid":{"rendered":"http:\/\/www.sirho.es\/?page_id=3075"},"modified":"2018-06-19T14:57:15","modified_gmt":"2018-06-19T12:57:15","slug":"european-projects","status":"publish","type":"page","link":"https:\/\/www.sirho.es\/en\/european-projects\/","title":{"rendered":"European Projects"},"content":{"rendered":"<ul id=\"listado_articulos\">\n<li><strong>Title of the project:<\/strong> <i>SCIENT 554336\u2013epp\u20131\u20132014\u20131\u2013cy\u2013eppka2\u2013ka. <\/i><strong>Financing entities:<\/strong> Uni\u00f3n Europea. <strong>Participating entities:<\/strong> Fundaci\u00f3n Empresa Universidad de Alicante. Universidad de Covilha. European University Cyprus. Kaunas University of Technology.. <strong>Duration:<\/strong> Desde 15\/10\/2015 hasta 14\/10\/2018. <i>&#8220;A European University\u2013Business Alliance aiming to foster young SCIEntists\u00bf ENTepreneurial spirit &#8220;<\/i> <a href=\"http:\/\/www.euscient.eu\/en\/scient\/consortium\/meet-the-team.html\" target=\"_blank\">More info<\/a><\/li>\n<li><strong>Title of the project:<\/strong> <i>ICT ENTREPRENEUR 2014\u20131\u2013cy\u2013ka203\u2013000299. <\/i><strong>Financing entities:<\/strong> Uni\u00f3n Europea. <strong>Participating entities:<\/strong> GrantXpert Consulting, Cyprus. Fundaci\u00f3n Empresa Universidad de Alicante(FUNDEUN). Universidade da Beira Interior (UBI), (Portugal). Institut f\u00fcr sozialwissenschaftliche Beratung GmbH (ISOB), Germany. AS Cyprus College Ltd(European University Cyprus), Cyprus. University of Gloucestershire (UoG), United Kingdom. <strong>Duration:<\/strong> Desde 15\/10\/2015 hasta 14\/10\/2018. <i>&#8220;A European University\u2013Business Alliance aiming to foster the entrepreneurial spirit of ICT students&#8221;<\/i> <a href=\"http:\/\/www.ictentrepreneur.com\/#!partners\/ServicesPage-bmmaq7o0\" target=\"_blank\">More info<\/a><\/li>\n<li><strong>Title of the project:<\/strong> <i>IHEI &#8220;Internationalisation of Higher Education in Iran 561753-EPP-1-2015-1-ES-EPPKA2-CBHE-JP. <\/i><strong>Financing entities:<\/strong> Uni\u00f3n Europea. <strong>Participating entities:<\/strong> Glasgow Caledonian University. FH Joanneum Gesellschaft MBH. Allameh Tabataba\u2019i University. FERDOWSI UNIVERSITY OF MASHHAD. SHAHID CHAMRAN UNIVERSITY OF AHVAZ. SHIRAZ UNIVERSITY. UNIVERSITY OF KURDISTAN. UNIVERSITY OF SISTAN AND BALUCHESTAN. <strong>Duration:<\/strong> Desde 15\/10\/2015 hasta 14\/10\/2018.  <a href=\"http:\/\/vbn.aau.dk\/files\/219762856\/eplus_cbhe_selection_results_by_region_1.pdf\" target=\"_blank\">More info<\/a><\/li>\n<li><strong>Title of the project:<\/strong> <i>EDUWORKS. <\/i><strong>Financing entities:<\/strong> Comisi\u00f3n Europea. <strong>Participating entities:<\/strong> Amsterdam Institute of Advanced Labour Studies. Amsterdam Business School (UvA). Central European University. Corvinno Technology Transfer Center. University of Salamanca. University of Siegen. Trinity College of Dublin. Universidad de Alicante. <strong>Duration:<\/strong> Desde: 01\/01\/2013 Hasta: 31\/12\/2017.  <a href=\"http:\/\/www.eduworks-network.eu\/associated-partners\" target=\"_blank\">More info<\/a><\/li>\n<li><strong>Title of the project:<\/strong> <i>Consortium for Small and Medium Size Enterprises and Entrepreneurship Education. N\u00famero del proyecto: 143833-2008-USAEIM. <\/i><strong>Financing entities:<\/strong> Uni\u00f3n Europea y por el Gobierno de Estados Unidos. <strong>Participating entities:<\/strong> Universit\u00e9 Catholique de Lovaina (B\u00e9lgica), Universidad de Alicante (Campus Director: Juan Llopis), Otto-Friedrich Universitat Bamberg (Alemania), Clemson University (Carolina del Sur), Appalachian State University (Carolina del Norte) y University of North Florida (Jacksonville, Florida). <strong>Duration:<\/strong> Octubre 2008-Septiembre 2012.  <a href=\"http:\/\/fipsedatabase.ed.gov\/grantshow.cfm?grantNumber=P116J030010\" target=\"_blank\">More info<\/a><\/li>\n<li><strong>Title of the project:<\/strong> <i>DOCENT: DOCtors in ENTerprise. Education and Culture. <\/i><strong>Financing entities:<\/strong> Comisi\u00f3n Europea. Referencia: DG EAC\/31\/08. <strong>Participating entities:<\/strong> Universit\u00e0 degli Studi di Modena (Italia). CRAC: The Career Development Organisation (Reino Unido). University of Malta (Malta). Fundaci\u00f3n Empresa Universidad de Alicante y Confederaci\u00f3n Empresarial de la provincia de Alicante (Espa\u00f1a). <strong>Duration:<\/strong> Desde: 01\/09\/2009 Hasta: 01\/10\/201.  <a href=\"http:\/\/docentproject.eu\/\" target=\"_blank\">More info<\/a><\/li>\n<li><strong>Title of the project:<\/strong> <i>LILAC (Lifelong Learning and Competency Management for the Furniture Industry).. <\/i><strong>Financing entities:<\/strong> Education, Audiovisual &amp; Culture Executive Agencia. Unit P3-Lifelong learning (European Commision). <strong>Participating entities:<\/strong> CETEM (Espa\u00f1a), Grifo Multimedia (Italia), Webs training (UK), FCBA (Francia) y CSM (Italia). <strong>Reference:<\/strong> 142377-LLP-1-2008-IT-LEONADO-LPM. <strong>Duration:<\/strong> Octubre 2008-Septiembre 2010. <i>T\u00edtulo del proyecto:  N\u00famero del proyecto: 142377-LLP-1-2008-IT-LEONADO-LPM. Entidad financiadora: . Entidades participantes: . Duraci\u00f3n: . M\u00e1s informaci\u00f3n<\/i> <a href=\"http:\/\/http\/lilac.grifomultimedia.it\/\" target=\"_blank\">More info<\/a><\/li>\n<li><strong>Title of the project:<\/strong> <i>Consortium for Small and Medium Size Enterprises and Entrepreneurship Education (SMEEE). N\u00famero de proyecto U8014. Entidad financiadora: Uni\u00f3n Europea y por el Gobierno de Estados Unidos. <\/i><strong>Participating entities:<\/strong> Por la Uni\u00f3n Europea: Universit\u00e9 Catholique de Louvain (B\u00e9lgica), Universidad de Alicante (Campus Director: Juan Llopis) y Otto-Friedrich Universitat Bamberg (Alemania). Por los Estados Unidos de Am\u00e9rica: Clemson University (Carolina del Sur), Appalachian State University (Carolina del Norte) y University of North Florida (Jacksonville, Florida). <strong>Duration:<\/strong> Octubre 2004-Septiembre 2007. Finalizado el proyecto, fue elegido por la Comisi\u00f3n Europea como ejemplo de \u201cGood Practices\u201d.  <a href=\"http:\/\/www.uni-bamberg.de\/sowi\/leistungen\/studium\/studium-international\/smeee\/\" target=\"_blank\">More info<\/a><\/li>\n<\/ul>\n","protected":false},"excerpt":{"rendered":"<p>Title of the project: SCIENT 554336\u2013epp\u20131\u20132014\u20131\u2013cy\u2013eppka2\u2013ka. Financing entities: Uni\u00f3n Europea. Participating entities: Fundaci\u00f3n Empresa Universidad de Alicante. Universidad de Covilha. European University Cyprus. Kaunas University of Technology.. Duration: Desde 15\/10\/2015 hasta 14\/10\/2018. &#8220;A European University\u2013Business Alliance aiming to foster young SCIEntists\u00bf ENTepreneurial spirit &#8220; More info Title of the project: [&hellip;]<\/p>\n","protected":false},"author":4,"featured_media":0,"parent":0,"menu_order":8,"comment_status":"closed","ping_status":"closed","template":"investigacion_page.php","meta":{"footnotes":""},"class_list":["post-3075","page","type-page","status-publish","hentry"],"yoast_head":"<!-- This site is optimized with the Yoast SEO plugin v27.4 - https:\/\/yoast.com\/product\/yoast-seo-wordpress\/ -->\n<title>European Projects - Grupo de Investigaci\u00f3n Sistemas de Informaci\u00f3n y Recursos Humanos en las Organizaciones<\/title>\n<meta name=\"robots\" content=\"index, follow, max-snippet:-1, max-image-preview:large, max-video-preview:-1\" \/>\n<link rel=\"canonical\" href=\"https:\/\/www.sirho.es\/en\/european-projects\/\" \/>\n<meta property=\"og:locale\" content=\"en_US\" \/>\n<meta property=\"og:type\" content=\"article\" \/>\n<meta property=\"og:title\" content=\"European Projects - Grupo de Investigaci\u00f3n Sistemas de Informaci\u00f3n y Recursos Humanos en las Organizaciones\" \/>\n<meta property=\"og:description\" content=\"Title of the project: SCIENT 554336\u2013epp\u20131\u20132014\u20131\u2013cy\u2013eppka2\u2013ka. Financing entities: Uni\u00f3n Europea. Participating entities: Fundaci\u00f3n Empresa Universidad de Alicante. Universidad de Covilha. European University Cyprus. Kaunas University of Technology.. Duration: Desde 15\/10\/2015 hasta 14\/10\/2018. &#8220;A European University\u2013Business Alliance aiming to foster young SCIEntists\u00bf ENTepreneurial spirit &#8220; More info Title of the project: [&hellip;]\" \/>\n<meta property=\"og:url\" content=\"https:\/\/www.sirho.es\/en\/european-projects\/\" \/>\n<meta property=\"og:site_name\" content=\"Grupo de Investigaci\u00f3n Sistemas de Informaci\u00f3n y Recursos Humanos en las Organizaciones\" \/>\n<meta property=\"article:modified_time\" content=\"2018-06-19T12:57:15+00:00\" \/>\n<meta name=\"twitter:label1\" content=\"Est. reading time\" \/>\n\t<meta name=\"twitter:data1\" content=\"3 minutes\" \/>\n<script type=\"application\/ld+json\" class=\"yoast-schema-graph\">{\"@context\":\"https:\\\/\\\/schema.org\",\"@graph\":[{\"@type\":\"WebPage\",\"@id\":\"https:\\\/\\\/www.sirho.es\\\/en\\\/european-projects\\\/\",\"url\":\"https:\\\/\\\/www.sirho.es\\\/en\\\/european-projects\\\/\",\"name\":\"European Projects - Grupo de Investigaci\u00f3n Sistemas de Informaci\u00f3n y Recursos Humanos en las Organizaciones\",\"isPartOf\":{\"@id\":\"https:\\\/\\\/www.sirho.es\\\/#website\"},\"datePublished\":\"2011-06-21T16:30:16+00:00\",\"dateModified\":\"2018-06-19T12:57:15+00:00\",\"breadcrumb\":{\"@id\":\"https:\\\/\\\/www.sirho.es\\\/en\\\/european-projects\\\/#breadcrumb\"},\"inLanguage\":\"en-US\",\"potentialAction\":[{\"@type\":\"ReadAction\",\"target\":[\"https:\\\/\\\/www.sirho.es\\\/en\\\/european-projects\\\/\"]}]},{\"@type\":\"BreadcrumbList\",\"@id\":\"https:\\\/\\\/www.sirho.es\\\/en\\\/european-projects\\\/#breadcrumb\",\"itemListElement\":[{\"@type\":\"ListItem\",\"position\":1,\"name\":\"Home\",\"item\":\"https:\\\/\\\/www.sirho.es\\\/en\\\/\"},{\"@type\":\"ListItem\",\"position\":2,\"name\":\"European Projects\"}]},{\"@type\":\"WebSite\",\"@id\":\"https:\\\/\\\/www.sirho.es\\\/#website\",\"url\":\"https:\\\/\\\/www.sirho.es\\\/\",\"name\":\"Grupo de Investigaci\u00f3n Sistemas de Informaci\u00f3n y Recursos Humanos en las Organizaciones\",\"description\":\"\",\"potentialAction\":[{\"@type\":\"SearchAction\",\"target\":{\"@type\":\"EntryPoint\",\"urlTemplate\":\"https:\\\/\\\/www.sirho.es\\\/?s={search_term_string}\"},\"query-input\":{\"@type\":\"PropertyValueSpecification\",\"valueRequired\":true,\"valueName\":\"search_term_string\"}}],\"inLanguage\":\"en-US\"}]}<\/script>\n<!-- \/ Yoast SEO plugin. -->","yoast_head_json":{"title":"European Projects - Grupo de Investigaci\u00f3n Sistemas de Informaci\u00f3n y Recursos Humanos en las Organizaciones","robots":{"index":"index","follow":"follow","max-snippet":"max-snippet:-1","max-image-preview":"max-image-preview:large","max-video-preview":"max-video-preview:-1"},"canonical":"https:\/\/www.sirho.es\/en\/european-projects\/","og_locale":"en_US","og_type":"article","og_title":"European Projects - Grupo de Investigaci\u00f3n Sistemas de Informaci\u00f3n y Recursos Humanos en las Organizaciones","og_description":"Title of the project: SCIENT 554336\u2013epp\u20131\u20132014\u20131\u2013cy\u2013eppka2\u2013ka. Financing entities: Uni\u00f3n Europea. Participating entities: Fundaci\u00f3n Empresa Universidad de Alicante. Universidad de Covilha. European University Cyprus. Kaunas University of Technology.. Duration: Desde 15\/10\/2015 hasta 14\/10\/2018. &#8220;A European University\u2013Business Alliance aiming to foster young SCIEntists\u00bf ENTepreneurial spirit &#8220; More info Title of the project: [&hellip;]","og_url":"https:\/\/www.sirho.es\/en\/european-projects\/","og_site_name":"Grupo de Investigaci\u00f3n Sistemas de Informaci\u00f3n y Recursos Humanos en las Organizaciones","article_modified_time":"2018-06-19T12:57:15+00:00","twitter_misc":{"Est. reading time":"3 minutes"},"schema":{"@context":"https:\/\/schema.org","@graph":[{"@type":"WebPage","@id":"https:\/\/www.sirho.es\/en\/european-projects\/","url":"https:\/\/www.sirho.es\/en\/european-projects\/","name":"European Projects - Grupo de Investigaci\u00f3n Sistemas de Informaci\u00f3n y Recursos Humanos en las Organizaciones","isPartOf":{"@id":"https:\/\/www.sirho.es\/#website"},"datePublished":"2011-06-21T16:30:16+00:00","dateModified":"2018-06-19T12:57:15+00:00","breadcrumb":{"@id":"https:\/\/www.sirho.es\/en\/european-projects\/#breadcrumb"},"inLanguage":"en-US","potentialAction":[{"@type":"ReadAction","target":["https:\/\/www.sirho.es\/en\/european-projects\/"]}]},{"@type":"BreadcrumbList","@id":"https:\/\/www.sirho.es\/en\/european-projects\/#breadcrumb","itemListElement":[{"@type":"ListItem","position":1,"name":"Home","item":"https:\/\/www.sirho.es\/en\/"},{"@type":"ListItem","position":2,"name":"European Projects"}]},{"@type":"WebSite","@id":"https:\/\/www.sirho.es\/#website","url":"https:\/\/www.sirho.es\/","name":"Grupo de Investigaci\u00f3n Sistemas de Informaci\u00f3n y Recursos Humanos en las Organizaciones","description":"","potentialAction":[{"@type":"SearchAction","target":{"@type":"EntryPoint","urlTemplate":"https:\/\/www.sirho.es\/?s={search_term_string}"},"query-input":{"@type":"PropertyValueSpecification","valueRequired":true,"valueName":"search_term_string"}}],"inLanguage":"en-US"}]}},"_links":{"self":[{"href":"https:\/\/www.sirho.es\/en\/wp-json\/wp\/v2\/pages\/3075","targetHints":{"allow":["GET"]}}],"collection":[{"href":"https:\/\/www.sirho.es\/en\/wp-json\/wp\/v2\/pages"}],"about":[{"href":"https:\/\/www.sirho.es\/en\/wp-json\/wp\/v2\/types\/page"}],"author":[{"embeddable":true,"href":"https:\/\/www.sirho.es\/en\/wp-json\/wp\/v2\/users\/4"}],"replies":[{"embeddable":true,"href":"https:\/\/www.sirho.es\/en\/wp-json\/wp\/v2\/comments?post=3075"}],"version-history":[{"count":8,"href":"https:\/\/www.sirho.es\/en\/wp-json\/wp\/v2\/pages\/3075\/revisions"}],"predecessor-version":[{"id":8199,"href":"https:\/\/www.sirho.es\/en\/wp-json\/wp\/v2\/pages\/3075\/revisions\/8199"}],"wp:attachment":[{"href":"https:\/\/www.sirho.es\/en\/wp-json\/wp\/v2\/media?parent=3075"}],"curies":[{"name":"wp","href":"https:\/\/api.w.org\/{rel}","templated":true}]}}